{"id":9,"date":"2021-09-19T06:19:18","date_gmt":"2021-09-19T06:19:18","guid":{"rendered":"https:\/\/wordpressriverthemes.com\/earna\/?page_id=9"},"modified":"2023-08-18T18:34:42","modified_gmt":"2023-08-18T16:34:42","slug":"skupnieruchomosci","status":"publish","type":"page","link":"https:\/\/www.skupdzialekpodhale.pl\/","title":{"rendered":"Skup nieruchomo\u015bci Nowy Targ"},"content":{"rendered":"<section class=\"wpb-content-wrapper\"><p>[vc_row][vc_column]<!-- Start Banner \n    ============================================= -->\n    <div class=\"banner-area inc-video top-pad-50\">\n        \n        <div id=\"bootcarousel\" class=\"carousel text-light slide carousel-fade animate_text\" data-ride=\"carousel\">\n\n            <!-- Indicators for slides -->\n            <div class=\"carousel-indicator\">\n                <div class=\"container\">\n                    <div class=\"row\">\n                        <div class=\"col-lg-12\">\n                            <ol class=\"carousel-indicators right\"><li data-target=\"#bootcarousel\" data-slide-to=\"0\" class=\"active\"><\/li><li data-target=\"#bootcarousel\" data-slide-to=\"1\" class=\"\"><\/li><\/ol>\n                        <\/div>\n                    <\/div>\n                <\/div>\n            <\/div>\n\n            <!-- Wrapper for slides -->\n            <div class=\"carousel-inner\"><div class=\"carousel-item bg-cover active\" style=\"background-image: url(https:\/\/www.skupdzialekpodhale.pl\/wp-content\/uploads\/2023\/08\/polana.jpg);\">\n                    <div class=\"box-table\">\n                        <div class=\"box-cell shadow dark\">\n                            <div class=\"container\">\n                                <div class=\"row\">\n                                    <div class=\"col-lg-8 offset-lg-1\">\n                                        <div class=\"content\">\n                                            <a href=\"https:\/\/www.youtube.com\/watch?v=wpd1-zlnaz0\" class=\"popup-youtube light video-play-button relative\">\n                                                <i class=\"ti-control-play\"><\/i> <span><\/span>\n                                            <\/a>\n                                            <h2 data-animation=\"animated slideInRight\">Skup nieruchomo\u015bci <span>Pomagamy w formalno\u015bciach<\/span><\/h2><a data-animation=\"animated zoomInUp\" class=\"btn btn-gradient effect btn-md\" href=\"#onas\">O nas<\/a><\/div>\n                                    <\/div>\n                                <\/div>\n                            <\/div>\n                        <\/div>\n                        <!-- Shape -->\n                        <div class=\"shape-right-bottom\"  data-animation=\"animated slideInUp\" style=\"background-image: url();\"><\/div>\n                        <!-- Shape -->\n                    <\/div>\n                <\/div><div class=\"carousel-item bg-cover \" style=\"background-image: url(https:\/\/www.skupdzialekpodhale.pl\/wp-content\/uploads\/2023\/08\/bgsk.jpg);\">\n                    <div class=\"box-table\">\n                        <div class=\"box-cell shadow dark\">\n                            <div class=\"container\">\n                                <div class=\"row\">\n                                    <div class=\"col-lg-8 offset-lg-1\">\n                                        <div class=\"content\">\n                                            <a href=\"https:\/\/www.youtube.com\/watch?v=wpd1-zlnaz0\" class=\"popup-youtube light video-play-button relative\">\n                                                <i class=\"ti-control-play\"><\/i> <span><\/span>\n                                            <\/a>\n                                            <h2 data-animation=\"animated slideInRight\">Znajdziemy <span>kupuj\u0105cego<\/span><\/h2><a data-animation=\"animated zoomInUp\" class=\"btn btn-gradient effect btn-md\" href=\"https:\/\/www.skupdzialekpodhale.pl\/index.php\/wycena\/\">Wyce\u0144 nieruchomo\u015b\u0107<\/a><\/div>\n                                    <\/div>\n                                <\/div>\n                            <\/div>\n                        <\/div>\n                        <!-- Shape -->\n                        <div class=\"shape-right-bottom\"  data-animation=\"animated slideInUp\" style=\"background-image: url();\"><\/div>\n                        <!-- Shape -->\n                    <\/div>\n                <\/div><\/div>\n            <!-- End Wrapper for slides -->\n\n        <\/div>\n    <\/div>\n    <!-- End Banner -->[\/vc_column][\/vc_row][vc_row][vc_column]<!-- Star Features Area\n    ============================================= -->\n    <div class=\"features-area default-padding\">\n        <div class=\"container\">\n            <div class=\"features-content\">\n                <div class=\"row\"><!-- Single Item -->\n                    <div class=\"single-item col-lg-4 col-md-6\">\n                        <div class=\"item\">\n                            <i class=\"flaticon-speech-bubble\"><\/i>\n                            <div class=\"top\">\n                                <span>01<\/span>\n                                <h4>Wype\u0142nij formularz w linku u g\u00f3ry dotycz\u0105cy wyceny<\/h4>\n                            <\/div>\n                            <p>\n                                Wype\u0142nij formularz z linku w g\u0142\u00f3wnym menu i czekaj na nasz telefon \n                            <\/p>\n                            <a href=\"https:\/\/www.skupdzialekpodhale.pl\/index.php\/wycena\/\"><i class=\"arrow_right\"><\/i><\/a>\n                        <\/div>\n                    <\/div>\n                    <!-- Single Item --><!-- Single Item -->\n                    <div class=\"single-item col-lg-4 col-md-6\">\n                        <div class=\"item\">\n                            <i class=\"flaticon-label\"><\/i>\n                            <div class=\"top\">\n                                <span>02<\/span>\n                                <h4>Zadzwonimy do Ciebie i ustalimy spotkanie<\/h4>\n                            <\/div>\n                            <p>\n                                W ci\u0105gu kilku dni oddzwonimy do Ciebie aby um\u00f3wi\u0107 si\u0119 na spotkanie \n                            <\/p>\n                            <a href=\"https:\/\/www.skupdzialekpodhale.pl\/index.php\/wycena\/\"><i class=\"arrow_right\"><\/i><\/a>\n                        <\/div>\n                    <\/div>\n                    <!-- Single Item --><!-- Single Item -->\n                    <div class=\"single-item col-lg-4 col-md-6\">\n                        <div class=\"item\">\n                            <i class=\"flaticon-file\"><\/i>\n                            <div class=\"top\">\n                                <span>03<\/span>\n                                <h4>Spotkamy si\u0119 i sfinalizujemy transakcje<\/h4>\n                            <\/div>\n                            <p>\n                                Je\u015bli po spotkaniu obie strony b\u0119d\u0105 usatysfakcjonowane, sfinalizujemy transakcje \n                            <\/p>\n                            <a href=\"https:\/\/www.skupdzialekpodhale.pl\/index.php\/wycena\/\"><i class=\"arrow_right\"><\/i><\/a>\n                        <\/div>\n                    <\/div>\n                    <!-- Single Item --> <\/div>\n            <\/div>\n        <\/div>\n    <\/div>\n    <!-- End Features Area -->[\/vc_column][\/vc_row][vc_row el_id=&#8221;onas&#8221;][vc_column]<!-- Star About Area\n    ============================================= -->\n    <div class=\"about-area bg-dark overflow-hidden text-light relative\">\n        <!-- Fixed Shape -->\n        <div class=\"fixed-shape\" style=\"background-image: url(https:\/\/www.skupdzialekpodhale.pl\/wp-content\/uploads\/2021\/09\/8.png);\"><\/div>\n        <!-- End Fixed Shape -->\n        <div class=\"container\">\n            <div class=\"about-items\">\n                <div class=\"row\">\n                    <div class=\"col-lg-6 thumb order-lg-last\" style=\"background-image: url(https:\/\/www.skupdzialekpodhale.pl\/wp-content\/uploads\/2023\/08\/IMG-20230622-WA0027.jpg);\">\n                        <div class=\"successr-ate\">\n                            <div class=\"icon\">\n                                <i class=\"flaticon-target\"><\/i>\n                            <\/div>\n                            <div class=\"content\">\n                                <h2>Profesjonalizm<\/h2>\n                                <span>Na ka\u017cdym etapie<\/span>\n                            <\/div>\n                        <\/div>\n                    <\/div>\n\n                    <div class=\"col-lg-6 info\">\n                        <h4>O mnie<\/h4>\n                        <h2>Za\u0142o\u017cycielem firmy jest Sebastian Pa\u0144szczyk Ekspert ds. nieruchomo\u015bci.<\/h2>\n                        <p>\n                            Nieruchomo\u015bci to moja pasja.<\/p>\n<p>W kupnie i sprzeda\u017cy nieruchomo\u015bci nie chodzi tylko o wymian\u0119 materialn\u0105. Warto\u015bci\u0105 nadrz\u0119dn\u0105 jest zadowolenie obu stron, inaczej nie robi\u0119 interes\u00f3w.<br \/>\nBardzo cennym dla mnie jest kontakt z drugim cz\u0142owiekiem.<br \/>\nU\u017cyje dost\u0119pnych \u015brodk\u00f3w i narz\u0119dzi, aby\u015b by\u0142 zadowolony ze sprzeda\u017cy.\n                        <\/p>\n                        <ul><li>\n                    <h5>R\u00f3\u017cne nieruchomo\u015bci<\/h5>\n                    <p>\n                        Kupuje g\u0142\u00f3wnie dzia\u0142ki rolne i budowlane, ale tak\u017ce domy, mieszkania.<br \/>\nZ powiatu tatrza\u0144skiego i nowotarskiego.\n                    <\/p>\n                <\/li><li>\n                    <h5>Analiza i po\u015brednictwo<\/h5>\n                    <p>\n                        Analizuje bezp\u0142atnie grunty pod k\u0105tem budowlanym. Zajmuj\u0119 si\u0119 r\u00f3wnie\u017c po\u015brednictwem w sprzeda\u017cy oraz doradztwem inwestycyjnym.\n                    <\/p>\n                <\/li><\/ul>\n                        <a class=\"btn btn-gradient effect btn-md\" href=\"https:\/\/www.skupdzialekpodhale.pl\/index.php\/wycena\/\">Wyce\u0144 nieruchomo\u015b\u0107<\/a>\n                    <\/div>\n                    \n                <\/div>\n            <\/div>\n        <\/div>\n    <\/div>\n    <!-- End About Area -->[\/vc_column][\/vc_row][vc_row el_id=&#8221;my&#8221;][vc_column]<!-- Star Partner Area\n    ============================================= -->\n    <div class=\"partner-area overflow-hidden text-light\">\n        <div class=\"container\">\n            <div class=\"item-box\">\n                <div class=\"row align-center\">\n                    <div class=\"col-lg-6 info\">\n                        <h2>Zaufa\u0142o nam ju\u017c <span>wielu<\/span> <br> klient\u00f3w<\/h2>\n                        <p>\n                            Dlatego mo\u017cesz by\u0107 pewien \u017ce transakcja przebiegnie \u0142atwo i bezpiecznie.\n                        <\/p>\n                    <\/div>\n                    <div class=\"col-lg-6 clients\">\n                        <div class=\"partner-carousel owl-carousel owl-theme text-center\"><\/div>\n                    <\/div>\n                <\/div>\n            <\/div>\n        <\/div>\n    <\/div>\n    <!-- End Partner Area -->[\/vc_column][\/vc_row][vc_row][vc_column] <!-- Star testimonials Area\n        ============================================= -->\n        <div class=\"testimonials-area bg-gray default-padding-bottom\">\n            <!-- Fixed Shape -->\n            <div class=\"fixed-shape\" style=\"background-image: url(https:\/\/www.skupdzialekpodhale.pl\/wp-content\/uploads\/2023\/08\/15ok.png);\"><\/div>\n            <!-- End Fixed Shape -->\n            <div class=\"container\">\n                <div class=\"testimonial-items\">\n                    <div class=\"row align-center\">\n                        <div class=\"col-lg-7 testimonials-content\">\n                            <div class=\"testimonials-carousel owl-carousel owl-theme\"><!-- Single Item -->\n                <div class=\"item\">\n                    <div class=\"info\">\n                        <p>\n                            Sprzeda\u017c nieruchomo\u015bci z t\u0105 firma, to bajka. Po wycenie na stronie, w ci\u0105gu jednego dnia otrzyma\u0142em telefon. Jeszcze w tym samym tygodniu uda\u0142o si\u0119 ustali\u0107 spotkanie i sfinalizowa\u0107 transakcje. Polecam w 100% \n                        <\/p>\n                        <div class=\"provider\">\n                            <div class=\"thumb\">\n                                <img decoding=\"async\" src=\"https:\/\/www.skupdzialekpodhale.pl\/wp-content\/uploads\/2023\/08\/kropka1.png\" alt=\"Author\">\n                            <\/div>\n                            <div class=\"content\">\n                                <h4>Krzysztof K.<\/h4>\n                                <span> Rolnik<\/span>\n                            <\/div>\n                        <\/div>\n                    <\/div>\n                <\/div>\n                <!-- End Single Item --><!-- Single Item -->\n                <div class=\"item\">\n                    <div class=\"info\">\n                        <p>\n                            Transakcja przebieg\u0142a szybko, i co najwa\u017cniejsze bezproblemowo. Wyja\u015bniono mi wszelkie kwestie prawne, oraz otrzyma\u0142am pomoc w wype\u0142nieniu dokument\u00f3w. \n                        <\/p>\n                        <div class=\"provider\">\n                            <div class=\"thumb\">\n                                <img decoding=\"async\" src=\"https:\/\/www.skupdzialekpodhale.pl\/wp-content\/uploads\/2023\/08\/kropka1.png\" alt=\"Author\">\n                            <\/div>\n                            <div class=\"content\">\n                                <h4>Anna \u017b.<\/h4>\n                                <span> Nauczyciel<\/span>\n                            <\/div>\n                        <\/div>\n                    <\/div>\n                <\/div>\n                <!-- End Single Item --><\/div>\n                        <\/div>\n                        <div class=\"col-lg-5 info\">\n                            <h4>Opinie<\/h4>\n                            <h2>Zobacz co pisz\u0105 o nas nasi klienci.<\/h2>\n                            <p>\n                                Aby przekona\u0107 si\u0119 \u017ce jeste\u015bmy godni zaufania, w skupie nieruchomo\u015bci. Kupujemy nieruchomo\u015bci w powiecie tatrza\u0144skim oraz nowotarskim. Pomagamy w formalno\u015bciach.\n                            <\/p>\n                        <\/div>\n                    <\/div>\n                <\/div>\n            <\/div>\n        <\/div>\n        <!-- End testimonials Area -->\n    <\/div>\n    <!-- End Overflow Hidden Box -->[\/vc_column][\/vc_row]<\/p>\n<\/section>","protected":false},"excerpt":{"rendered":"<p>[vc_row][vc_column][\/vc_column][\/vc_row][vc_row][vc_column][\/vc_column][\/vc_row][vc_row el_id=&#8221;onas&#8221;][vc_column][\/vc_column][\/vc_row][vc_row el_id=&#8221;my&#8221;][vc_column][\/vc_column][\/vc_row][vc_row][vc_column][\/vc_column][\/vc_row]<\/p>\n","protected":false},"author":1,"featured_media":0,"parent":0,"menu_order":0,"comment_status":"closed","ping_status":"closed","template":"page-templates\/home1.php","meta":{"footnotes":""},"class_list":["post-9","page","type-page","status-publish","hentry"],"_links":{"self":[{"href":"https:\/\/www.skupdzialekpodhale.pl\/index.php\/wp-json\/wp\/v2\/pages\/9","targetHints":{"allow":["GET"]}}],"collection":[{"href":"https:\/\/www.skupdzialekpodhale.pl\/index.php\/wp-json\/wp\/v2\/pages"}],"about":[{"href":"https:\/\/www.skupdzialekpodhale.pl\/index.php\/wp-json\/wp\/v2\/types\/page"}],"author":[{"embeddable":true,"href":"https:\/\/www.skupdzialekpodhale.pl\/index.php\/wp-json\/wp\/v2\/users\/1"}],"replies":[{"embeddable":true,"href":"https:\/\/www.skupdzialekpodhale.pl\/index.php\/wp-json\/wp\/v2\/comments?post=9"}],"version-history":[{"count":94,"href":"https:\/\/www.skupdzialekpodhale.pl\/index.php\/wp-json\/wp\/v2\/pages\/9\/revisions"}],"predecessor-version":[{"id":1163,"href":"https:\/\/www.skupdzialekpodhale.pl\/index.php\/wp-json\/wp\/v2\/pages\/9\/revisions\/1163"}],"wp:attachment":[{"href":"https:\/\/www.skupdzialekpodhale.pl\/index.php\/wp-json\/wp\/v2\/media?parent=9"}],"curies":[{"name":"wp","href":"https:\/\/api.w.org\/{rel}","templated":true}]}}